{"id":5953,"date":"2024-08-20T00:43:25","date_gmt":"2024-08-20T04:43:25","guid":{"rendered":"https:\/\/aquaplants.cl\/web\/?post_type=product&#038;p=5953"},"modified":"2026-04-20T18:21:41","modified_gmt":"2026-04-20T22:21:41","slug":"standfarm-aquaplants-pro32-x2","status":"publish","type":"product","link":"https:\/\/aquaplants.cl\/web\/product\/standfarm-aquaplants-pro32-x2\/","title":{"rendered":"StandFarm PRO32 x2"},"content":{"rendered":"<p>Granja Aero\/hidrop\u00f3nica vertical, constituida por 2 Torres AquaPlants PRO, con capacidad de hasta 64 plantas en total que puedes cultivar y cosechar para tus propios beneficios. Contiene todos los elementos que requieres para iniciar tu propio huerto con alm\u00e1cigos a elecci\u00f3n, dentro de nuestra gama de plantines especialmente adaptados a nuestros canastillos, con un tiempo de gestaci\u00f3n de 2 a 3 semanas. Funciona a base de la recirculaci\u00f3n de soluciones nutritivas lograda con nuestros fertilizantes especialmente balanceados para Aero\/hidropon\u00eda, permitiendo obtener un sistema aut\u00f3nomo, que no requiere de cuidados constantes para un crecimiento \u00f3ptimo de los alm\u00e1cigos.<\/p>\n<p>&nbsp;<\/p>\n","protected":false},"excerpt":{"rendered":"<p>Granja de Torres AquaPlants PRO32, 2 sistemas Aero\/Hidrop\u00f3nico vertical para 64 plantas total. con macetero de 28 lts cada uno con ruedas para mover con mayor facilidad en superficies planas.<\/p>\n<p>Incluye:<\/p>\n<p>&#8211; 64 Alm\u00e1cigos (2 a 3 semanas de crecimiento)<\/p>\n<p>&#8211; Fertilizantes Vegetativo A+B (500ml)<\/p>\n<p>&#8211; Bomba de agua<\/p>\n<p>&#8211; Mesa de ayuda continua.<\/p>\n","protected":false},"featured_media":7085,"comment_status":"open","ping_status":"closed","template":"","meta":{"_acf_changed":false,"_et_pb_use_builder":"","_et_pb_old_content":"","_et_gb_content_width":"","_joinchat":{"telephone":"+56956033808"}},"product_brand":[],"product_cat":[65],"product_tag":[],"class_list":{"0":"post-5953","1":"product","2":"type-product","3":"status-publish","4":"has-post-thumbnail","6":"product_cat-standfarms","7":"product_shipping_class-envio_mayor","9":"first","10":"instock","11":"shipping-taxable","12":"purchasable","13":"product-type-simple"},"acf":[],"_links":{"self":[{"href":"https:\/\/aquaplants.cl\/web\/wp-json\/wp\/v2\/product\/5953","targetHints":{"allow":["GET"]}}],"collection":[{"href":"https:\/\/aquaplants.cl\/web\/wp-json\/wp\/v2\/product"}],"about":[{"href":"https:\/\/aquaplants.cl\/web\/wp-json\/wp\/v2\/types\/product"}],"replies":[{"embeddable":true,"href":"https:\/\/aquaplants.cl\/web\/wp-json\/wp\/v2\/comments?post=5953"}],"wp:featuredmedia":[{"embeddable":true,"href":"https:\/\/aquaplants.cl\/web\/wp-json\/wp\/v2\/media\/7085"}],"wp:attachment":[{"href":"https:\/\/aquaplants.cl\/web\/wp-json\/wp\/v2\/media?parent=5953"}],"wp:term":[{"taxonomy":"product_brand","embeddable":true,"href":"https:\/\/aquaplants.cl\/web\/wp-json\/wp\/v2\/product_brand?post=5953"},{"taxonomy":"product_cat","embeddable":true,"href":"https:\/\/aquaplants.cl\/web\/wp-json\/wp\/v2\/product_cat?post=5953"},{"taxonomy":"product_tag","embeddable":true,"href":"https:\/\/aquaplants.cl\/web\/wp-json\/wp\/v2\/product_tag?post=5953"}],"curies":[{"name":"wp","href":"https:\/\/api.w.org\/{rel}","templated":true}]}}