{"id":6064,"date":"2024-09-02T14:59:21","date_gmt":"2024-09-02T18:59:21","guid":{"rendered":"https:\/\/aquaplants.cl\/web\/?post_type=product&#038;p=6064"},"modified":"2026-04-29T11:24:48","modified_gmt":"2026-04-29T15:24:48","slug":"kit-extension-torre-aquaplants-5-modulos","status":"publish","type":"product","link":"https:\/\/aquaplants.cl\/web\/product\/kit-extension-torre-aquaplants-5-modulos\/","title":{"rendered":"Kit Extensi\u00f3n Torre (5 m\u00f3dulos)"},"content":{"rendered":"<p>Kit de 5 m\u00f3dulos para entregar una mayor capacidad de cultivo a tu Torre AquaPlants, son 20 plantas adicionales que se le agregan a nuestro huerto vertical, para disfrutar una cosecha mas abundante en el mismo espacio (32cm de diametro)<\/p>\n","protected":false},"excerpt":{"rendered":"<p>Kit extensi\u00f3n de 5 m\u00f3dulos para una mayor capacidad de cultivos en la Torre AquaPlants.<\/p>\n<p>Incluye:<\/p>\n<ul>\n<li>5 M\u00f3dulos.<\/li>\n<li>20 Canastillos.<\/li>\n<li>20 Alm\u00e1cigos.<\/li>\n<li>Extensi\u00f3n de Tubo.<\/li>\n<\/ul>\n","protected":false},"featured_media":7095,"comment_status":"open","ping_status":"closed","template":"","meta":{"_acf_changed":false,"_et_pb_use_builder":"on","_et_pb_old_content":"Kit de 5 m\u00f3dulos para entregar una mayor capacidad de cultivo a tu Torre AquaPlants, son 20 plantas adicionales que se le agregan a nuestro huerto vertical, para disfrutar una cosecha mas abundante en el mismo espacio (32cm de diametro)","_et_gb_content_width":"","_joinchat":{"telephone":"+56956033808"}},"product_brand":[],"product_cat":[28],"product_tag":[],"class_list":{"0":"post-6064","1":"product","2":"type-product","3":"status-publish","4":"has-post-thumbnail","6":"product_cat-componentes","7":"product_shipping_class-envio_chico","9":"first","10":"instock","11":"shipping-taxable","12":"purchasable","13":"product-type-composite"},"acf":[],"_links":{"self":[{"href":"https:\/\/aquaplants.cl\/web\/wp-json\/wp\/v2\/product\/6064","targetHints":{"allow":["GET"]}}],"collection":[{"href":"https:\/\/aquaplants.cl\/web\/wp-json\/wp\/v2\/product"}],"about":[{"href":"https:\/\/aquaplants.cl\/web\/wp-json\/wp\/v2\/types\/product"}],"replies":[{"embeddable":true,"href":"https:\/\/aquaplants.cl\/web\/wp-json\/wp\/v2\/comments?post=6064"}],"wp:featuredmedia":[{"embeddable":true,"href":"https:\/\/aquaplants.cl\/web\/wp-json\/wp\/v2\/media\/7095"}],"wp:attachment":[{"href":"https:\/\/aquaplants.cl\/web\/wp-json\/wp\/v2\/media?parent=6064"}],"wp:term":[{"taxonomy":"product_brand","embeddable":true,"href":"https:\/\/aquaplants.cl\/web\/wp-json\/wp\/v2\/product_brand?post=6064"},{"taxonomy":"product_cat","embeddable":true,"href":"https:\/\/aquaplants.cl\/web\/wp-json\/wp\/v2\/product_cat?post=6064"},{"taxonomy":"product_tag","embeddable":true,"href":"https:\/\/aquaplants.cl\/web\/wp-json\/wp\/v2\/product_tag?post=6064"}],"curies":[{"name":"wp","href":"https:\/\/api.w.org\/{rel}","templated":true}]}}