{"id":8233,"date":"2025-04-25T20:42:36","date_gmt":"2025-04-26T00:42:36","guid":{"rendered":"https:\/\/aquaplants.cl\/web\/?post_type=product&#038;p=8233"},"modified":"2025-09-16T17:55:07","modified_gmt":"2025-09-16T21:55:07","slug":"mix-de-64-almacigos-tierra","status":"publish","type":"product","link":"https:\/\/aquaplants.cl\/web\/product\/mix-de-64-almacigos-tierra\/","title":{"rendered":"MIX de 64 Alm\u00e1cigos TIERRA"},"content":{"rendered":"<p>64 Alm\u00e1cigos en tierra a elecci\u00f3n.<\/p>\n","protected":false},"excerpt":{"rendered":"<p>Set de 64 plantines en tierra a elecci\u00f3n. Los detalles de env\u00edo y tipos de alm\u00e1cigos se coordinar\u00e1n previa a la compra.<\/p>\n<p>Enviamos a todo Chile.<\/p>\n<p>&nbsp;<\/p>\n","protected":false},"featured_media":8011,"comment_status":"closed","ping_status":"closed","template":"","meta":{"_acf_changed":false,"_et_pb_use_builder":"","_et_pb_old_content":"","_et_gb_content_width":"","_joinchat":[]},"product_brand":[],"product_cat":[76],"product_tag":[],"class_list":{"0":"post-8233","1":"product","2":"type-product","3":"status-publish","4":"has-post-thumbnail","6":"product_cat-almacigos-de-tierra","7":"product_shipping_class-envio_chico","9":"first","10":"instock","11":"shipping-taxable","12":"purchasable","13":"product-type-composite"},"acf":[],"_links":{"self":[{"href":"https:\/\/aquaplants.cl\/web\/wp-json\/wp\/v2\/product\/8233","targetHints":{"allow":["GET"]}}],"collection":[{"href":"https:\/\/aquaplants.cl\/web\/wp-json\/wp\/v2\/product"}],"about":[{"href":"https:\/\/aquaplants.cl\/web\/wp-json\/wp\/v2\/types\/product"}],"replies":[{"embeddable":true,"href":"https:\/\/aquaplants.cl\/web\/wp-json\/wp\/v2\/comments?post=8233"}],"wp:featuredmedia":[{"embeddable":true,"href":"https:\/\/aquaplants.cl\/web\/wp-json\/wp\/v2\/media\/8011"}],"wp:attachment":[{"href":"https:\/\/aquaplants.cl\/web\/wp-json\/wp\/v2\/media?parent=8233"}],"wp:term":[{"taxonomy":"product_brand","embeddable":true,"href":"https:\/\/aquaplants.cl\/web\/wp-json\/wp\/v2\/product_brand?post=8233"},{"taxonomy":"product_cat","embeddable":true,"href":"https:\/\/aquaplants.cl\/web\/wp-json\/wp\/v2\/product_cat?post=8233"},{"taxonomy":"product_tag","embeddable":true,"href":"https:\/\/aquaplants.cl\/web\/wp-json\/wp\/v2\/product_tag?post=8233"}],"curies":[{"name":"wp","href":"https:\/\/api.w.org\/{rel}","templated":true}]}}