{"id":9742,"date":"2026-04-09T10:58:15","date_gmt":"2026-04-09T14:58:15","guid":{"rendered":"https:\/\/aquaplants.cl\/web\/?post_type=product&#038;p=9742"},"modified":"2026-04-09T10:58:15","modified_gmt":"2026-04-09T14:58:15","slug":"medidor-ec-tds","status":"publish","type":"product","link":"https:\/\/aquaplants.cl\/web\/product\/medidor-ec-tds\/","title":{"rendered":"Medidor EC\/TDS"},"content":{"rendered":"<p>El medidor port\u00e1til E-1 TDS &amp; EC es un instrumento profesional multifuncional que puede utilizarse para medir el TDS del agua (la cantidad total de s\u00f3lidos disueltos, expresada en mg\/L o ppm), la conductividad el\u00e9ctrica (la capacidad de conducir corriente, expresada en \u00b5S\/cm) y la temperatura. Cuenta con alto rendimiento, dise\u00f1o tipo l\u00e1piz, r\u00e1pida estabilidad en las mediciones y resultados precisos.<\/p>\n","protected":false},"excerpt":{"rendered":"<p>El medidor port\u00e1til E-1 TDS &amp; EC es un instrumento profesional que mide TDS, conductividad el\u00e9ctrica y temperatura del agua. Destaca por su dise\u00f1o compacto tipo l\u00e1piz, rapidez, estabilidad y precisi\u00f3n en los resultados.<\/p>\n","protected":false},"featured_media":9743,"comment_status":"open","ping_status":"closed","template":"","meta":{"_acf_changed":false,"_et_pb_use_builder":"","_et_pb_old_content":"","_et_gb_content_width":"","_joinchat":[]},"product_brand":[],"product_cat":[28],"product_tag":[],"class_list":{"0":"post-9742","1":"product","2":"type-product","3":"status-publish","4":"has-post-thumbnail","6":"product_cat-componentes","7":"product_shipping_class-envio_chico","9":"first","10":"instock","11":"shipping-taxable","12":"purchasable","13":"product-type-simple"},"acf":[],"_links":{"self":[{"href":"https:\/\/aquaplants.cl\/web\/wp-json\/wp\/v2\/product\/9742","targetHints":{"allow":["GET"]}}],"collection":[{"href":"https:\/\/aquaplants.cl\/web\/wp-json\/wp\/v2\/product"}],"about":[{"href":"https:\/\/aquaplants.cl\/web\/wp-json\/wp\/v2\/types\/product"}],"replies":[{"embeddable":true,"href":"https:\/\/aquaplants.cl\/web\/wp-json\/wp\/v2\/comments?post=9742"}],"wp:featuredmedia":[{"embeddable":true,"href":"https:\/\/aquaplants.cl\/web\/wp-json\/wp\/v2\/media\/9743"}],"wp:attachment":[{"href":"https:\/\/aquaplants.cl\/web\/wp-json\/wp\/v2\/media?parent=9742"}],"wp:term":[{"taxonomy":"product_brand","embeddable":true,"href":"https:\/\/aquaplants.cl\/web\/wp-json\/wp\/v2\/product_brand?post=9742"},{"taxonomy":"product_cat","embeddable":true,"href":"https:\/\/aquaplants.cl\/web\/wp-json\/wp\/v2\/product_cat?post=9742"},{"taxonomy":"product_tag","embeddable":true,"href":"https:\/\/aquaplants.cl\/web\/wp-json\/wp\/v2\/product_tag?post=9742"}],"curies":[{"name":"wp","href":"https:\/\/api.w.org\/{rel}","templated":true}]}}