{"id":9906,"date":"2026-04-09T11:07:58","date_gmt":"2026-04-09T15:07:58","guid":{"rendered":"https:\/\/aquaplants.cl\/web\/?post_type=product&#038;p=9906"},"modified":"2026-04-09T11:07:58","modified_gmt":"2026-04-09T15:07:58","slug":"kit-medicion-y-control","status":"publish","type":"product","link":"https:\/\/aquaplants.cl\/web\/product\/kit-medicion-y-control\/","title":{"rendered":"Kit medici\u00f3n y control"},"content":{"rendered":"<p>&#8211; El medidor port\u00e1til E-1 TDS &amp; EC es un instrumento profesional que mide TDS, conductividad el\u00e9ctrica y temperatura del agua. Destaca por su dise\u00f1o compacto tipo l\u00e1piz, rapidez, estabilidad y precisi\u00f3n en los resultados.<\/p>\n<p>&#8211; Medidor digital de pH port\u00e1til, compacto y f\u00e1cil de usar, ideal para medir r\u00e1pidamente la acidez o alcalinidad del agua con alta precisi\u00f3n y resultados confiables. Perfecto para uso en cultivo, laboratorio o control de calidad.<\/p>\n","protected":false},"excerpt":{"rendered":"<p>Kit medici\u00f3n con medidor de Ph y medidor EC \/ TDS<\/p>\n","protected":false},"featured_media":9907,"comment_status":"open","ping_status":"closed","template":"","meta":{"_acf_changed":false,"_et_pb_use_builder":"","_et_pb_old_content":"","_et_gb_content_width":"","_joinchat":[]},"product_brand":[],"product_cat":[28],"product_tag":[],"class_list":{"0":"post-9906","1":"product","2":"type-product","3":"status-publish","4":"has-post-thumbnail","6":"product_cat-componentes","7":"product_shipping_class-envio_chico","9":"first","10":"instock","11":"shipping-taxable","12":"purchasable","13":"product-type-simple"},"acf":[],"_links":{"self":[{"href":"https:\/\/aquaplants.cl\/web\/wp-json\/wp\/v2\/product\/9906","targetHints":{"allow":["GET"]}}],"collection":[{"href":"https:\/\/aquaplants.cl\/web\/wp-json\/wp\/v2\/product"}],"about":[{"href":"https:\/\/aquaplants.cl\/web\/wp-json\/wp\/v2\/types\/product"}],"replies":[{"embeddable":true,"href":"https:\/\/aquaplants.cl\/web\/wp-json\/wp\/v2\/comments?post=9906"}],"wp:featuredmedia":[{"embeddable":true,"href":"https:\/\/aquaplants.cl\/web\/wp-json\/wp\/v2\/media\/9907"}],"wp:attachment":[{"href":"https:\/\/aquaplants.cl\/web\/wp-json\/wp\/v2\/media?parent=9906"}],"wp:term":[{"taxonomy":"product_brand","embeddable":true,"href":"https:\/\/aquaplants.cl\/web\/wp-json\/wp\/v2\/product_brand?post=9906"},{"taxonomy":"product_cat","embeddable":true,"href":"https:\/\/aquaplants.cl\/web\/wp-json\/wp\/v2\/product_cat?post=9906"},{"taxonomy":"product_tag","embeddable":true,"href":"https:\/\/aquaplants.cl\/web\/wp-json\/wp\/v2\/product_tag?post=9906"}],"curies":[{"name":"wp","href":"https:\/\/api.w.org\/{rel}","templated":true}]}}